{"id":536,"date":"2023-01-04T21:10:08","date_gmt":"2023-01-04T21:10:08","guid":{"rendered":"https:\/\/mom.swiss\/?page_id=536"},"modified":"2023-04-11T12:16:29","modified_gmt":"2023-04-11T12:16:29","slug":"wozu-mom","status":"publish","type":"page","link":"https:\/\/neu012024.mom.swiss\/hr\/wozu-mom\/","title":{"rendered":"Za\u0161to MOM?"},"content":{"rendered":"<div data-elementor-type=\"wp-page\" data-elementor-id=\"536\" class=\"elementor elementor-536\">\n\t\t\t\t\t\t\t\t\t<section class=\"elementor-section elementor-top-section elementor-element elementor-element-282b1b93 elementor-section-boxed elementor-section-height-default elementor-section-height-default\" data-id=\"282b1b93\" data-element_type=\"section\" data-settings=\"{&quot;background_background&quot;:&quot;classic&quot;}\">\n\t\t\t\t\t\t<div class=\"elementor-container elementor-column-gap-default\">\n\t\t\t\t\t<div class=\"elementor-column elementor-col-50 elementor-top-column elementor-element elementor-element-998698f\" data-id=\"998698f\" data-element_type=\"column\">\n\t\t\t<div class=\"elementor-widget-wrap elementor-element-populated\">\n\t\t\t\t\t\t\t\t<div class=\"elementor-element elementor-element-11c8111d elementor-widget elementor-widget-image\" data-id=\"11c8111d\" data-element_type=\"widget\" data-widget_type=\"image.default\">\n\t\t\t\t<div class=\"elementor-widget-container\">\n\t\t\t<style>\/*! elementor - v3.13.3 - 22-05-2023 *\/\n.elementor-widget-image{text-align:center}.elementor-widget-image a{display:inline-block}.elementor-widget-image a img[src$=\".svg\"]{width:48px}.elementor-widget-image img{vertical-align:middle;display:inline-block}<\/style>\t\t\t\t\t\t\t\t\t\t\t\t<img decoding=\"async\" width=\"800\" height=\"382\" src=\"https:\/\/neu012024.mom.swiss\/wp-content\/uploads\/2023\/01\/mom_front_product_iso-1024x489.jpg\" class=\"attachment-large size-large wp-image-1041\" alt=\"\" srcset=\"https:\/\/neu012024.mom.swiss\/wp-content\/uploads\/2023\/01\/mom_front_product_iso-1024x489.jpg 1024w, https:\/\/neu012024.mom.swiss\/wp-content\/uploads\/2023\/01\/mom_front_product_iso-600x286.jpg 600w, https:\/\/neu012024.mom.swiss\/wp-content\/uploads\/2023\/01\/mom_front_product_iso-300x143.jpg 300w, https:\/\/neu012024.mom.swiss\/wp-content\/uploads\/2023\/01\/mom_front_product_iso-768x367.jpg 768w, https:\/\/neu012024.mom.swiss\/wp-content\/uploads\/2023\/01\/mom_front_product_iso-1536x733.jpg 1536w, https:\/\/neu012024.mom.swiss\/wp-content\/uploads\/2023\/01\/mom_front_product_iso.jpg 1885w\" sizes=\"(max-width: 800px) 100vw, 800px\" \/>\t\t\t\t\t\t\t\t\t\t\t\t\t\t\t<\/div>\n\t\t\t\t<\/div>\n\t\t\t\t\t<\/div>\n\t\t<\/div>\n\t\t\t\t<div class=\"elementor-column elementor-col-50 elementor-top-column elementor-element elementor-element-5d2df22a\" data-id=\"5d2df22a\" data-element_type=\"column\">\n\t\t\t<div class=\"elementor-widget-wrap elementor-element-populated\">\n\t\t\t\t\t\t\t\t<div class=\"elementor-element elementor-element-42936d63 elementor-widget elementor-widget-heading\" data-id=\"42936d63\" data-element_type=\"widget\" data-widget_type=\"heading.default\">\n\t\t\t\t<div class=\"elementor-widget-container\">\n\t\t\t<style>\/*! elementor - v3.13.3 - 22-05-2023 *\/\n.elementor-heading-title{padding:0;margin:0;line-height:1}.elementor-widget-heading .elementor-heading-title[class*=elementor-size-]>a{color:inherit;font-size:inherit;line-height:inherit}.elementor-widget-heading .elementor-heading-title.elementor-size-small{font-size:15px}.elementor-widget-heading .elementor-heading-title.elementor-size-medium{font-size:19px}.elementor-widget-heading .elementor-heading-title.elementor-size-large{font-size:29px}.elementor-widget-heading .elementor-heading-title.elementor-size-xl{font-size:39px}.elementor-widget-heading .elementor-heading-title.elementor-size-xxl{font-size:59px}<\/style><h1 class=\"elementor-heading-title elementor-size-default\">Jeste li si ve\u0107 postavili ova pitanja?<\/h1>\t\t<\/div>\n\t\t\t\t<\/div>\n\t\t\t\t<div class=\"elementor-element elementor-element-46b8f468 elementor-widget elementor-widget-text-editor\" data-id=\"46b8f468\" data-element_type=\"widget\" data-widget_type=\"text-editor.default\">\n\t\t\t\t<div class=\"elementor-widget-container\">\n\t\t\t<style>\/*! elementor - v3.13.3 - 22-05-2023 *\/\n.elementor-widget-text-editor.elementor-drop-cap-view-stacked .elementor-drop-cap{background-color:#69727d;color:#fff}.elementor-widget-text-editor.elementor-drop-cap-view-framed .elementor-drop-cap{color:#69727d;border:3px solid;background-color:transparent}.elementor-widget-text-editor:not(.elementor-drop-cap-view-default) .elementor-drop-cap{margin-top:8px}.elementor-widget-text-editor:not(.elementor-drop-cap-view-default) .elementor-drop-cap-letter{width:1em;height:1em}.elementor-widget-text-editor .elementor-drop-cap{float:left;text-align:center;line-height:1;font-size:50px}.elementor-widget-text-editor .elementor-drop-cap-letter{display:inline-block}<\/style>\t\t\t\t<ul><li>\u017divcira li vas zvuk petlje u igrama?<\/li><li>Jeste li oduvijek \u017eeljeli \u010duti vlastiti zvuk u svojim igrama?<\/li><li>\u017divciraju li vas prekidi u igri kako biste prilagodili izvor zvuka?<\/li><li>Je li vam rukovanje prekomplicirano?<\/li><li>Je li va\u0161a reprodukcija zvuka pretiha?<\/li><\/ul>\t\t\t\t\t\t<\/div>\n\t\t\t\t<\/div>\n\t\t\t\t\t<\/div>\n\t\t<\/div>\n\t\t\t\t\t\t\t<\/div>\n\t\t<\/section>\n\t\t\t\t<section class=\"elementor-section elementor-top-section elementor-element elementor-element-39f39fb elementor-reverse-tablet elementor-reverse-mobile elementor-section-boxed elementor-section-height-default elementor-section-height-default\" data-id=\"39f39fb\" data-element_type=\"section\" data-settings=\"{&quot;background_background&quot;:&quot;classic&quot;}\">\n\t\t\t\t\t\t<div class=\"elementor-container elementor-column-gap-default\">\n\t\t\t\t\t<div class=\"elementor-column elementor-col-50 elementor-top-column elementor-element elementor-element-345e83f8\" data-id=\"345e83f8\" data-element_type=\"column\">\n\t\t\t<div class=\"elementor-widget-wrap elementor-element-populated\">\n\t\t\t\t\t\t\t\t<div class=\"elementor-element elementor-element-414f498b elementor-widget elementor-widget-text-editor\" data-id=\"414f498b\" data-element_type=\"widget\" data-widget_type=\"text-editor.default\">\n\t\t\t\t<div class=\"elementor-widget-container\">\n\t\t\t\t\t\t\t<h4>Spojite MOM-audio mikser na:<\/h4>\n<ul>\n \t<li style=\"list-style-type: none;\">\n<ul>\n \t<li>Va\u0161e slu\u0161alice<\/li>\n \t<li>Va\u0161u igra\u0107u konzolu<\/li>\n \t<li>Va\u0161 izvor zvuka<\/li>\n<\/ul>\n<\/li>\n<\/ul>\n&nbsp;\n<h4>Spremno za manje od 10 sekundi!<\/h4>\nOd sada \u0107ete u\u017eivati u svojoj igri u potpuno novoj atmosferi!\nDvije neovisne kontrole glasno\u0107e na MOM-audio mikseru omogu\u0107uju individualnu prilagodbu zvuka igre i izvora zvuka.<br \/>\n<strong>Izvori igara:\u00a0<\/strong> TV, PC, PS, Xbox, Nintendo, VR a.m.m.\n<strong>Izvori zvuka:<\/strong> TV, ra\u010dunalo, pametni telefon, MP3-player, Stereo a.m.m.\t\t\t\t\t\t<\/div>\n\t\t\t\t<\/div>\n\t\t\t\t<div class=\"elementor-element elementor-element-6efd641f elementor-tablet-align-center elementor-widget elementor-widget-button\" data-id=\"6efd641f\" data-element_type=\"widget\" data-widget_type=\"button.default\">\n\t\t\t\t<div class=\"elementor-widget-container\">\n\t\t\t\t\t<div class=\"elementor-button-wrapper\">\n\t\t\t<a href=\"https:\/\/neu012024.mom.swiss\/hr\/tipps-tricks\/\" class=\"elementor-button-link elementor-button elementor-size-sm\" role=\"button\">\n\t\t\t\t\t\t<span class=\"elementor-button-content-wrapper\">\n\t\t\t\t\t\t<span class=\"elementor-button-text\">Pro\u010ditajte vi\u0161e<\/span>\n\t\t<\/span>\n\t\t\t\t\t<\/a>\n\t\t<\/div>\n\t\t\t\t<\/div>\n\t\t\t\t<\/div>\n\t\t\t\t\t<\/div>\n\t\t<\/div>\n\t\t\t\t<div class=\"elementor-column elementor-col-50 elementor-top-column elementor-element elementor-element-641398a2\" data-id=\"641398a2\" data-element_type=\"column\">\n\t\t\t<div class=\"elementor-widget-wrap elementor-element-populated\">\n\t\t\t\t\t\t\t\t<div class=\"elementor-element elementor-element-194d242e elementor-widget elementor-widget-image\" data-id=\"194d242e\" data-element_type=\"widget\" data-widget_type=\"image.default\">\n\t\t\t\t<div class=\"elementor-widget-container\">\n\t\t\t\t\t\t\t\t\t\t\t\t\t\t\t<img decoding=\"async\" width=\"800\" height=\"648\" src=\"https:\/\/neu012024.mom.swiss\/wp-content\/uploads\/2023\/01\/titelbild_grey-1024x829.jpg\" class=\"attachment-large size-large wp-image-1129\" alt=\"\" srcset=\"https:\/\/neu012024.mom.swiss\/wp-content\/uploads\/2023\/01\/titelbild_grey-1024x829.jpg 1024w, https:\/\/neu012024.mom.swiss\/wp-content\/uploads\/2023\/01\/titelbild_grey-600x486.jpg 600w, https:\/\/neu012024.mom.swiss\/wp-content\/uploads\/2023\/01\/titelbild_grey-300x243.jpg 300w, https:\/\/neu012024.mom.swiss\/wp-content\/uploads\/2023\/01\/titelbild_grey-768x622.jpg 768w, https:\/\/neu012024.mom.swiss\/wp-content\/uploads\/2023\/01\/titelbild_grey.jpg 1500w\" sizes=\"(max-width: 800px) 100vw, 800px\" \/>\t\t\t\t\t\t\t\t\t\t\t\t\t\t\t<\/div>\n\t\t\t\t<\/div>\n\t\t\t\t\t<\/div>\n\t\t<\/div>\n\t\t\t\t\t\t\t<\/div>\n\t\t<\/section>\n\t\t\t\t<section class=\"elementor-section elementor-top-section elementor-element elementor-element-4725e74f elementor-section-boxed elementor-section-height-default elementor-section-height-default\" data-id=\"4725e74f\" data-element_type=\"section\" data-settings=\"{&quot;background_background&quot;:&quot;classic&quot;}\">\n\t\t\t\t\t\t<div class=\"elementor-container elementor-column-gap-default\">\n\t\t\t\t\t<div class=\"elementor-column elementor-col-50 elementor-top-column elementor-element elementor-element-33497158\" data-id=\"33497158\" data-element_type=\"column\">\n\t\t\t<div class=\"elementor-widget-wrap elementor-element-populated\">\n\t\t\t\t\t\t\t\t<div class=\"elementor-element elementor-element-183c5b1 elementor-widget elementor-widget-heading\" data-id=\"183c5b1\" data-element_type=\"widget\" data-widget_type=\"heading.default\">\n\t\t\t\t<div class=\"elementor-widget-container\">\n\t\t\t<h2 class=\"elementor-heading-title elementor-size-default\">(Skoro) sve prednosti na prvi pogled...<\/h2>\t\t<\/div>\n\t\t\t\t<\/div>\n\t\t\t\t<div class=\"elementor-element elementor-element-7509f527 elementor-widget elementor-widget-text-editor\" data-id=\"7509f527\" data-element_type=\"widget\" data-widget_type=\"text-editor.default\">\n\t\t\t\t<div class=\"elementor-widget-container\">\n\t\t\t\t\t\t\t<ul><li>Set uklju\u010duje sve \u0161to vam je potrebno za po\u010detak!<\/li><li>Nema registracije!<\/li><li>Nema daljnjih tro\u0161kova!<\/li><li>\u010cak i kod igara koje ina\u010de ne dopu\u0161taju kori\u0161tenje vanjske glazbe!<\/li><li>Mo\u017eete o\u010dekivati savr\u0161enu mje\u0161avinu zvuka va\u0161e igra\u0107e konzole i izvora zvuka!<\/li><li>Nema ka\u0161njenja u reprodukciji zvuka!<\/li><li>Kompatibilan sa svim igra\u0107im konzolama i ure\u0111ajima koji imaju AUX priklju\u010dak!<\/li><li>Mogu\u0107e poja\u010danje zvuka do 50%!<\/li><\/ul><p>\u00a0<\/p>\t\t\t\t\t\t<\/div>\n\t\t\t\t<\/div>\n\t\t\t\t\t<\/div>\n\t\t<\/div>\n\t\t\t\t<div class=\"elementor-column elementor-col-50 elementor-top-column elementor-element elementor-element-b81c279 more_uses_text\" data-id=\"b81c279\" data-element_type=\"column\">\n\t\t\t<div class=\"elementor-widget-wrap elementor-element-populated\">\n\t\t\t\t\t\t\t\t<div class=\"elementor-element elementor-element-2b5c8f7 elementor-widget elementor-widget-heading\" data-id=\"2b5c8f7\" data-element_type=\"widget\" data-widget_type=\"heading.default\">\n\t\t\t\t<div class=\"elementor-widget-container\">\n\t\t\t<h2 class=\"elementor-heading-title elementor-size-default\">Druge mogu\u0107e primjene?<\/h2>\t\t<\/div>\n\t\t\t\t<\/div>\n\t\t\t\t<div class=\"elementor-element elementor-element-8495654 elementor-widget elementor-widget-text-editor\" data-id=\"8495654\" data-element_type=\"widget\" data-widget_type=\"text-editor.default\">\n\t\t\t\t<div class=\"elementor-widget-container\">\n\t\t\t\t\t\t\t<ul><li>Audio reprodukcija za audio knjige<\/li><li>Pozadinski zvuk za vrijeme video konferencija (Skype, Teams, Zoom) \u2013 samo ga vi mo\u017eete \u010duti.<\/li><\/ul>\t\t\t\t\t\t<\/div>\n\t\t\t\t<\/div>\n\t\t\t\t\t<\/div>\n\t\t<\/div>\n\t\t\t\t\t\t\t<\/div>\n\t\t<\/section>\n\t\t\t\t\t\t\t<\/div>","protected":false},"excerpt":{"rendered":"<p>Hast Du Dir diese Fragen auch schon gestellt? Nervt Dich der Loop-Sound in Deinen Games? Hast Du Dir schon immer gew\u00fcnscht, zu Deinen Games Deinen eigenen Sound zu h\u00f6ren? \u00c4rgern Dich Gameunterbrechungen, um Deine Soundquelle anzupassen? Ist Dir das Handling zu kompliziert? Ist Deine Soundwiedergabe zu leise? Verbinde den MOM-Audiomixer mit: Deinem Kopfh\u00f6rer Deiner Konsole [&hellip;]<\/p>","protected":false},"author":1,"featured_media":0,"parent":0,"menu_order":0,"comment_status":"closed","ping_status":"closed","template":"elementor_header_footer","meta":{"_glsr_average":0,"_glsr_ranking":0,"_glsr_reviews":0,"footnotes":""},"class_list":["post-536","page","type-page","status-publish","hentry"],"_links":{"self":[{"href":"https:\/\/neu012024.mom.swiss\/hr\/wp-json\/wp\/v2\/pages\/536","targetHints":{"allow":["GET"]}}],"collection":[{"href":"https:\/\/neu012024.mom.swiss\/hr\/wp-json\/wp\/v2\/pages"}],"about":[{"href":"https:\/\/neu012024.mom.swiss\/hr\/wp-json\/wp\/v2\/types\/page"}],"author":[{"embeddable":true,"href":"https:\/\/neu012024.mom.swiss\/hr\/wp-json\/wp\/v2\/users\/1"}],"replies":[{"embeddable":true,"href":"https:\/\/neu012024.mom.swiss\/hr\/wp-json\/wp\/v2\/comments?post=536"}],"version-history":[{"count":112,"href":"https:\/\/neu012024.mom.swiss\/hr\/wp-json\/wp\/v2\/pages\/536\/revisions"}],"predecessor-version":[{"id":2032,"href":"https:\/\/neu012024.mom.swiss\/hr\/wp-json\/wp\/v2\/pages\/536\/revisions\/2032"}],"wp:attachment":[{"href":"https:\/\/neu012024.mom.swiss\/hr\/wp-json\/wp\/v2\/media?parent=536"}],"curies":[{"name":"wp","href":"https:\/\/api.w.org\/{rel}","templated":true}]}}