{"id":536,"date":"2023-01-04T21:10:08","date_gmt":"2023-01-04T21:10:08","guid":{"rendered":"https:\/\/mom.swiss\/?page_id=536"},"modified":"2023-04-11T12:16:29","modified_gmt":"2023-04-11T12:16:29","slug":"wozu-mom","status":"publish","type":"page","link":"https:\/\/neu012024.mom.swiss\/en\/wozu-mom\/","title":{"rendered":"Why MOM?"},"content":{"rendered":"<div data-elementor-type=\"wp-page\" data-elementor-id=\"536\" class=\"elementor elementor-536\">\n\t\t\t\t\t\t\t\t\t<section class=\"elementor-section elementor-top-section elementor-element elementor-element-282b1b93 elementor-section-boxed elementor-section-height-default elementor-section-height-default\" data-id=\"282b1b93\" data-element_type=\"section\" data-settings=\"{&quot;background_background&quot;:&quot;classic&quot;}\">\n\t\t\t\t\t\t<div class=\"elementor-container elementor-column-gap-default\">\n\t\t\t\t\t<div class=\"elementor-column elementor-col-50 elementor-top-column elementor-element elementor-element-998698f\" data-id=\"998698f\" data-element_type=\"column\">\n\t\t\t<div class=\"elementor-widget-wrap elementor-element-populated\">\n\t\t\t\t\t\t\t\t<div class=\"elementor-element elementor-element-11c8111d elementor-widget elementor-widget-image\" data-id=\"11c8111d\" data-element_type=\"widget\" data-widget_type=\"image.default\">\n\t\t\t\t<div class=\"elementor-widget-container\">\n\t\t\t<style>\/*! elementor - v3.13.3 - 22-05-2023 *\/\n.elementor-widget-image{text-align:center}.elementor-widget-image a{display:inline-block}.elementor-widget-image a img[src$=\".svg\"]{width:48px}.elementor-widget-image img{vertical-align:middle;display:inline-block}<\/style>\t\t\t\t\t\t\t\t\t\t\t\t<img decoding=\"async\" width=\"800\" height=\"382\" src=\"https:\/\/neu012024.mom.swiss\/wp-content\/uploads\/2023\/01\/mom_front_product_iso-1024x489.jpg\" class=\"attachment-large size-large wp-image-1041\" alt=\"\" srcset=\"https:\/\/neu012024.mom.swiss\/wp-content\/uploads\/2023\/01\/mom_front_product_iso-1024x489.jpg 1024w, https:\/\/neu012024.mom.swiss\/wp-content\/uploads\/2023\/01\/mom_front_product_iso-600x286.jpg 600w, https:\/\/neu012024.mom.swiss\/wp-content\/uploads\/2023\/01\/mom_front_product_iso-300x143.jpg 300w, https:\/\/neu012024.mom.swiss\/wp-content\/uploads\/2023\/01\/mom_front_product_iso-768x367.jpg 768w, https:\/\/neu012024.mom.swiss\/wp-content\/uploads\/2023\/01\/mom_front_product_iso-1536x733.jpg 1536w, https:\/\/neu012024.mom.swiss\/wp-content\/uploads\/2023\/01\/mom_front_product_iso.jpg 1885w\" sizes=\"(max-width: 800px) 100vw, 800px\" \/>\t\t\t\t\t\t\t\t\t\t\t\t\t\t\t<\/div>\n\t\t\t\t<\/div>\n\t\t\t\t\t<\/div>\n\t\t<\/div>\n\t\t\t\t<div class=\"elementor-column elementor-col-50 elementor-top-column elementor-element elementor-element-5d2df22a\" data-id=\"5d2df22a\" data-element_type=\"column\">\n\t\t\t<div class=\"elementor-widget-wrap elementor-element-populated\">\n\t\t\t\t\t\t\t\t<div class=\"elementor-element elementor-element-42936d63 elementor-widget elementor-widget-heading\" data-id=\"42936d63\" data-element_type=\"widget\" data-widget_type=\"heading.default\">\n\t\t\t\t<div class=\"elementor-widget-container\">\n\t\t\t<style>\/*! elementor - v3.13.3 - 22-05-2023 *\/\n.elementor-heading-title{padding:0;margin:0;line-height:1}.elementor-widget-heading .elementor-heading-title[class*=elementor-size-]>a{color:inherit;font-size:inherit;line-height:inherit}.elementor-widget-heading .elementor-heading-title.elementor-size-small{font-size:15px}.elementor-widget-heading .elementor-heading-title.elementor-size-medium{font-size:19px}.elementor-widget-heading .elementor-heading-title.elementor-size-large{font-size:29px}.elementor-widget-heading .elementor-heading-title.elementor-size-xl{font-size:39px}.elementor-widget-heading .elementor-heading-title.elementor-size-xxl{font-size:59px}<\/style><h1 class=\"elementor-heading-title elementor-size-default\">Have you asked yourself these questions too?<\/h1>\t\t<\/div>\n\t\t\t\t<\/div>\n\t\t\t\t<div class=\"elementor-element elementor-element-46b8f468 elementor-widget elementor-widget-text-editor\" data-id=\"46b8f468\" data-element_type=\"widget\" data-widget_type=\"text-editor.default\">\n\t\t\t\t<div class=\"elementor-widget-container\">\n\t\t\t<style>\/*! elementor - v3.13.3 - 22-05-2023 *\/\n.elementor-widget-text-editor.elementor-drop-cap-view-stacked .elementor-drop-cap{background-color:#69727d;color:#fff}.elementor-widget-text-editor.elementor-drop-cap-view-framed .elementor-drop-cap{color:#69727d;border:3px solid;background-color:transparent}.elementor-widget-text-editor:not(.elementor-drop-cap-view-default) .elementor-drop-cap{margin-top:8px}.elementor-widget-text-editor:not(.elementor-drop-cap-view-default) .elementor-drop-cap-letter{width:1em;height:1em}.elementor-widget-text-editor .elementor-drop-cap{float:left;text-align:center;line-height:1;font-size:50px}.elementor-widget-text-editor .elementor-drop-cap-letter{display:inline-block}<\/style>\t\t\t\t<ul><li>Does the loop sound in your games annoy you?<\/li><li>Have you always wanted to hear your own sound in your games?<\/li><li>Are you annoyed by game interruptions to adjust your sound source?<\/li><li>Is the handling too complicated for you?<\/li><li>Is your sound playback too quiet?<\/li><\/ul>\t\t\t\t\t\t<\/div>\n\t\t\t\t<\/div>\n\t\t\t\t\t<\/div>\n\t\t<\/div>\n\t\t\t\t\t\t\t<\/div>\n\t\t<\/section>\n\t\t\t\t<section class=\"elementor-section elementor-top-section elementor-element elementor-element-39f39fb elementor-reverse-tablet elementor-reverse-mobile elementor-section-boxed elementor-section-height-default elementor-section-height-default\" data-id=\"39f39fb\" data-element_type=\"section\" data-settings=\"{&quot;background_background&quot;:&quot;classic&quot;}\">\n\t\t\t\t\t\t<div class=\"elementor-container elementor-column-gap-default\">\n\t\t\t\t\t<div class=\"elementor-column elementor-col-50 elementor-top-column elementor-element elementor-element-345e83f8\" data-id=\"345e83f8\" data-element_type=\"column\">\n\t\t\t<div class=\"elementor-widget-wrap elementor-element-populated\">\n\t\t\t\t\t\t\t\t<div class=\"elementor-element elementor-element-414f498b elementor-widget elementor-widget-text-editor\" data-id=\"414f498b\" data-element_type=\"widget\" data-widget_type=\"text-editor.default\">\n\t\t\t\t<div class=\"elementor-widget-container\">\n\t\t\t\t\t\t\t<h4>Connect the MOM-audio mixer to:<\/h4>\n<ul>\n \t<li style=\"list-style-type: none;\">\n<ul>\n \t<li>Your headphones<\/li>\n \t<li>Your gaming console<\/li>\n \t<li>Your sound source<\/li>\n<\/ul>\n<\/li>\n<\/ul>\n&nbsp;\n<h4>Ready in less than 10 seconds<\/h4>\nFrom now on you will enjoy your game in a whole new atmosphere!\nTwo independent volume controls on the MOM-audio mixer provide for your individual adjustment\nof game sound and sound source.<br \/>\n<strong>Game sources:\u00a0<\/strong> TV, PC, PS, Xbox, Nintendo, VR a.m.m.<br \/>\n<strong>Sound sources:<\/strong> TV, PC, Smartphone, MP3-Player, \u00a0\u00a0\u00a0\u00a0\u00a0\u00a0\u00a0\u00a0\u00a0\u00a0\u00a0\u00a0\u00a0\u00a0\u00a0\u00a0\u00a0\u00a0\u00a0\u00a0\u00a0\u00a0\u00a0\u00a0\u00a0\u00a0 \u00a0  Stereo a.m.m.\t\t\t\t\t\t<\/div>\n\t\t\t\t<\/div>\n\t\t\t\t<div class=\"elementor-element elementor-element-6efd641f elementor-tablet-align-center elementor-widget elementor-widget-button\" data-id=\"6efd641f\" data-element_type=\"widget\" data-widget_type=\"button.default\">\n\t\t\t\t<div class=\"elementor-widget-container\">\n\t\t\t\t\t<div class=\"elementor-button-wrapper\">\n\t\t\t<a href=\"https:\/\/neu012024.mom.swiss\/en\/tipps-tricks\/\" class=\"elementor-button-link elementor-button elementor-size-sm\" role=\"button\">\n\t\t\t\t\t\t<span class=\"elementor-button-content-wrapper\">\n\t\t\t\t\t\t<span class=\"elementor-button-text\">Read more<\/span>\n\t\t<\/span>\n\t\t\t\t\t<\/a>\n\t\t<\/div>\n\t\t\t\t<\/div>\n\t\t\t\t<\/div>\n\t\t\t\t\t<\/div>\n\t\t<\/div>\n\t\t\t\t<div class=\"elementor-column elementor-col-50 elementor-top-column elementor-element elementor-element-641398a2\" data-id=\"641398a2\" data-element_type=\"column\">\n\t\t\t<div class=\"elementor-widget-wrap elementor-element-populated\">\n\t\t\t\t\t\t\t\t<div class=\"elementor-element elementor-element-194d242e elementor-widget elementor-widget-image\" data-id=\"194d242e\" data-element_type=\"widget\" data-widget_type=\"image.default\">\n\t\t\t\t<div class=\"elementor-widget-container\">\n\t\t\t\t\t\t\t\t\t\t\t\t\t\t\t<img decoding=\"async\" width=\"800\" height=\"648\" src=\"https:\/\/neu012024.mom.swiss\/wp-content\/uploads\/2023\/01\/titelbild_grey-1024x829.jpg\" class=\"attachment-large size-large wp-image-1129\" alt=\"\" srcset=\"https:\/\/neu012024.mom.swiss\/wp-content\/uploads\/2023\/01\/titelbild_grey-1024x829.jpg 1024w, https:\/\/neu012024.mom.swiss\/wp-content\/uploads\/2023\/01\/titelbild_grey-600x486.jpg 600w, https:\/\/neu012024.mom.swiss\/wp-content\/uploads\/2023\/01\/titelbild_grey-300x243.jpg 300w, https:\/\/neu012024.mom.swiss\/wp-content\/uploads\/2023\/01\/titelbild_grey-768x622.jpg 768w, https:\/\/neu012024.mom.swiss\/wp-content\/uploads\/2023\/01\/titelbild_grey.jpg 1500w\" sizes=\"(max-width: 800px) 100vw, 800px\" \/>\t\t\t\t\t\t\t\t\t\t\t\t\t\t\t<\/div>\n\t\t\t\t<\/div>\n\t\t\t\t\t<\/div>\n\t\t<\/div>\n\t\t\t\t\t\t\t<\/div>\n\t\t<\/section>\n\t\t\t\t<section class=\"elementor-section elementor-top-section elementor-element elementor-element-4725e74f elementor-section-boxed elementor-section-height-default elementor-section-height-default\" data-id=\"4725e74f\" data-element_type=\"section\" data-settings=\"{&quot;background_background&quot;:&quot;classic&quot;}\">\n\t\t\t\t\t\t<div class=\"elementor-container elementor-column-gap-default\">\n\t\t\t\t\t<div class=\"elementor-column elementor-col-50 elementor-top-column elementor-element elementor-element-33497158\" data-id=\"33497158\" data-element_type=\"column\">\n\t\t\t<div class=\"elementor-widget-wrap elementor-element-populated\">\n\t\t\t\t\t\t\t\t<div class=\"elementor-element elementor-element-183c5b1 elementor-widget elementor-widget-heading\" data-id=\"183c5b1\" data-element_type=\"widget\" data-widget_type=\"heading.default\">\n\t\t\t\t<div class=\"elementor-widget-container\">\n\t\t\t<h2 class=\"elementor-heading-title elementor-size-default\">(Almost) All advantages at a glance...<\/h2>\t\t<\/div>\n\t\t\t\t<\/div>\n\t\t\t\t<div class=\"elementor-element elementor-element-7509f527 elementor-widget elementor-widget-text-editor\" data-id=\"7509f527\" data-element_type=\"widget\" data-widget_type=\"text-editor.default\">\n\t\t\t\t<div class=\"elementor-widget-container\">\n\t\t\t\t\t\t\t<ul><li>The set includes everything you need to start immediately!<\/li><li>No registration!<\/li><li>No further costs!<\/li><li>Even with games that normally do not allow the use of external music!<\/li><li>You can expect a perfect mix of the sound from your gaming console and sound sources!<\/li><li>No delay in sound playback!<\/li><li>Compatible with all gaming consoles and devices that have an AUX jack!<\/li><li>Sound amplification up to 50% possible!<\/li><\/ul><p>\u00a0<\/p>\t\t\t\t\t\t<\/div>\n\t\t\t\t<\/div>\n\t\t\t\t\t<\/div>\n\t\t<\/div>\n\t\t\t\t<div class=\"elementor-column elementor-col-50 elementor-top-column elementor-element elementor-element-b81c279 more_uses_text\" data-id=\"b81c279\" data-element_type=\"column\">\n\t\t\t<div class=\"elementor-widget-wrap elementor-element-populated\">\n\t\t\t\t\t\t\t\t<div class=\"elementor-element elementor-element-2b5c8f7 elementor-widget elementor-widget-heading\" data-id=\"2b5c8f7\" data-element_type=\"widget\" data-widget_type=\"heading.default\">\n\t\t\t\t<div class=\"elementor-widget-container\">\n\t\t\t<h2 class=\"elementor-heading-title elementor-size-default\">Other possible applications?<\/h2>\t\t<\/div>\n\t\t\t\t<\/div>\n\t\t\t\t<div class=\"elementor-element elementor-element-8495654 elementor-widget elementor-widget-text-editor\" data-id=\"8495654\" data-element_type=\"widget\" data-widget_type=\"text-editor.default\">\n\t\t\t\t<div class=\"elementor-widget-container\">\n\t\t\t\t\t\t\t<ul><li>Audio playback for audiobooks<\/li><li>Background sound during video conferences (Skype, Teams, Zoom) - only you can hear<\/li><\/ul>\t\t\t\t\t\t<\/div>\n\t\t\t\t<\/div>\n\t\t\t\t\t<\/div>\n\t\t<\/div>\n\t\t\t\t\t\t\t<\/div>\n\t\t<\/section>\n\t\t\t\t\t\t\t<\/div>","protected":false},"excerpt":{"rendered":"<p>Hast Du Dir diese Fragen auch schon gestellt? Nervt Dich der Loop-Sound in Deinen Games? Hast Du Dir schon immer gew\u00fcnscht, zu Deinen Games Deinen eigenen Sound zu h\u00f6ren? \u00c4rgern Dich Gameunterbrechungen, um Deine Soundquelle anzupassen? Ist Dir das Handling zu kompliziert? Ist Deine Soundwiedergabe zu leise? Verbinde den MOM-Audiomixer mit: Deinem Kopfh\u00f6rer Deiner Konsole [&hellip;]<\/p>","protected":false},"author":1,"featured_media":0,"parent":0,"menu_order":0,"comment_status":"closed","ping_status":"closed","template":"elementor_header_footer","meta":{"_glsr_average":0,"_glsr_ranking":0,"_glsr_reviews":0,"footnotes":""},"class_list":["post-536","page","type-page","status-publish","hentry"],"_links":{"self":[{"href":"https:\/\/neu012024.mom.swiss\/en\/wp-json\/wp\/v2\/pages\/536","targetHints":{"allow":["GET"]}}],"collection":[{"href":"https:\/\/neu012024.mom.swiss\/en\/wp-json\/wp\/v2\/pages"}],"about":[{"href":"https:\/\/neu012024.mom.swiss\/en\/wp-json\/wp\/v2\/types\/page"}],"author":[{"embeddable":true,"href":"https:\/\/neu012024.mom.swiss\/en\/wp-json\/wp\/v2\/users\/1"}],"replies":[{"embeddable":true,"href":"https:\/\/neu012024.mom.swiss\/en\/wp-json\/wp\/v2\/comments?post=536"}],"version-history":[{"count":112,"href":"https:\/\/neu012024.mom.swiss\/en\/wp-json\/wp\/v2\/pages\/536\/revisions"}],"predecessor-version":[{"id":2032,"href":"https:\/\/neu012024.mom.swiss\/en\/wp-json\/wp\/v2\/pages\/536\/revisions\/2032"}],"wp:attachment":[{"href":"https:\/\/neu012024.mom.swiss\/en\/wp-json\/wp\/v2\/media?parent=536"}],"curies":[{"name":"wp","href":"https:\/\/api.w.org\/{rel}","templated":true}]}}