{"id":631,"date":"2023-01-10T23:48:28","date_gmt":"2023-01-10T23:48:28","guid":{"rendered":"https:\/\/mom.swiss\/index.php\/produkt\/hoodie-with-logo\/"},"modified":"2024-01-25T12:48:47","modified_gmt":"2024-01-25T12:48:47","slug":"mom-audiomixer","status":"publish","type":"product","link":"https:\/\/neu012024.mom.swiss\/de\/shop\/mom-audiomixer\/","title":{"rendered":"MOM-Audiomixer-Set"},"content":{"rendered":"<p>Du erh\u00e4ltst unseren <strong>MOM-Audiomixer<\/strong> im Set mit allem n\u00f6tigen Zubeh\u00f6r, damit Du mit Deinem Game-Erlebnis gleich loslegen kannst!<\/p>\n<p>Mit unserem Original-Zubeh\u00f6r garantieren wir Dir ein optimales Klangerlebnis!<\/p>\n<p>Hinweis:<\/p>\n<ul>\n<li><strong>Der MOM-Audiomixer<\/strong> ist mit allen Ger\u00e4ten kompatibel, die \u00fcber eine 3.5mm Klinken-Buchse verf\u00fcgen: z.B. Oculus, Sony-Playstation, Nintendo, Handys usw.<\/li>\n<li>F\u00fcr Ger\u00e4te mit 6.3mm ist ein Adapter notwendig.<\/li>\n<\/ul>\n<p><span class=\"hikashop_product_name\">\u00a0<\/span><\/p>\n","protected":false},"excerpt":{"rendered":"<p>Im Set enthalten:<\/p>\n<ul>\n<li>\u00a0\u00a01 x MOM-Audiomixer<\/li>\n<li>\u00a0\u00a03 x Klinkenkabel 4-Pol (0.5M, 1.0M und 3.0M)<\/li>\n<li>\u00a0\u00a01 x Ladekabel (USB-C auf USB-A)<\/li>\n<li>\u00a0\u00a01 x Umh\u00e4ngeband<\/li>\n<li>10 x Kabelbinder (100mm x 2,5mm)<\/li>\n<\/ul>\n<p><a href=\"https:\/\/neu012024.mom.swiss\/versandinformationen\/\">Versandinformationen<\/a><\/p>\n<p>Zahlungsm\u00f6glichkeiten:<\/p>\n<ul>\n<li>\u00a0\u00a0PayPal<\/li>\n<li>\u00a0\u00a0Kreditkarte<\/li>\n<li>\u00a0\u00a0Debitkarte<\/li>\n<\/ul>\n<p>&nbsp;<\/p>\n","protected":false},"featured_media":1429,"template":"","meta":{"_glsr_average":0,"_glsr_ranking":0,"_glsr_reviews":0},"product_cat":[23],"product_tag":[],"class_list":["post-631","product","type-product","status-publish","has-post-thumbnail","hentry","product_cat-elektronik"],"_links":{"self":[{"href":"https:\/\/neu012024.mom.swiss\/de\/wp-json\/wp\/v2\/product\/631","targetHints":{"allow":["GET"]}}],"collection":[{"href":"https:\/\/neu012024.mom.swiss\/de\/wp-json\/wp\/v2\/product"}],"about":[{"href":"https:\/\/neu012024.mom.swiss\/de\/wp-json\/wp\/v2\/types\/product"}],"wp:featuredmedia":[{"embeddable":true,"href":"https:\/\/neu012024.mom.swiss\/de\/wp-json\/wp\/v2\/media\/1429"}],"wp:attachment":[{"href":"https:\/\/neu012024.mom.swiss\/de\/wp-json\/wp\/v2\/media?parent=631"}],"wp:term":[{"taxonomy":"product_cat","embeddable":true,"href":"https:\/\/neu012024.mom.swiss\/de\/wp-json\/wp\/v2\/product_cat?post=631"},{"taxonomy":"product_tag","embeddable":true,"href":"https:\/\/neu012024.mom.swiss\/de\/wp-json\/wp\/v2\/product_tag?post=631"}],"curies":[{"name":"wp","href":"https:\/\/api.w.org\/{rel}","templated":true}]}}