{"id":2835,"date":"2024-01-11T16:55:54","date_gmt":"2024-01-11T16:55:54","guid":{"rendered":"https:\/\/neu012024.mom.swiss\/?page_id=2835"},"modified":"2024-01-25T12:33:47","modified_gmt":"2024-01-25T12:33:47","slug":"gaming-ueber-konsolen-oder-pc-2","status":"publish","type":"page","link":"https:\/\/neu012024.mom.swiss\/de\/gaming-ueber-konsolen-oder-pc-2\/","title":{"rendered":"Erlernen bzw. \u00dcben von Musikinstrumenten"},"content":{"rendered":"\t\t<div data-elementor-type=\"wp-page\" data-elementor-id=\"2835\" class=\"elementor elementor-2835\">\n\t\t\t\t\t\t\t\t\t<section class=\"elementor-section elementor-top-section elementor-element elementor-element-7a4c319 new-font elementor-section-boxed elementor-section-height-default elementor-section-height-default\" data-id=\"7a4c319\" data-element_type=\"section\" data-settings=\"{&quot;background_background&quot;:&quot;classic&quot;}\">\n\t\t\t\t\t\t<div class=\"elementor-container elementor-column-gap-default\">\n\t\t\t\t\t<div class=\"elementor-column elementor-col-100 elementor-top-column elementor-element elementor-element-8fd04de\" data-id=\"8fd04de\" data-element_type=\"column\">\n\t\t\t<div class=\"elementor-widget-wrap elementor-element-populated\">\n\t\t\t\t\t\t\t\t<div class=\"elementor-element elementor-element-496e033 elementor-widget elementor-widget-text-editor\" data-id=\"496e033\" data-element_type=\"widget\" data-widget_type=\"text-editor.default\">\n\t\t\t\t<div class=\"elementor-widget-container\">\n\t\t\t<style>\/*! elementor - v3.13.3 - 22-05-2023 *\/\n.elementor-widget-text-editor.elementor-drop-cap-view-stacked .elementor-drop-cap{background-color:#69727d;color:#fff}.elementor-widget-text-editor.elementor-drop-cap-view-framed .elementor-drop-cap{color:#69727d;border:3px solid;background-color:transparent}.elementor-widget-text-editor:not(.elementor-drop-cap-view-default) .elementor-drop-cap{margin-top:8px}.elementor-widget-text-editor:not(.elementor-drop-cap-view-default) .elementor-drop-cap-letter{width:1em;height:1em}.elementor-widget-text-editor .elementor-drop-cap{float:left;text-align:center;line-height:1;font-size:50px}.elementor-widget-text-editor .elementor-drop-cap-letter{display:inline-block}<\/style>\t\t\t\t<p><strong>Ein unschlagbares Team!<\/strong><\/p>\t\t\t\t\t\t<\/div>\n\t\t\t\t<\/div>\n\t\t\t\t<section class=\"elementor-section elementor-inner-section elementor-element elementor-element-b0b14ab elementor-section-content-middle elementor-section-boxed elementor-section-height-default elementor-section-height-default\" data-id=\"b0b14ab\" data-element_type=\"section\">\n\t\t\t\t\t\t<div class=\"elementor-container elementor-column-gap-default\">\n\t\t\t\t\t<div class=\"elementor-column elementor-col-33 elementor-inner-column elementor-element elementor-element-46099b4\" data-id=\"46099b4\" data-element_type=\"column\">\n\t\t\t<div class=\"elementor-widget-wrap elementor-element-populated\">\n\t\t\t\t\t\t\t\t<div class=\"elementor-element elementor-element-341f7ec elementor-widget__width-inherit elementor-widget elementor-widget-image\" data-id=\"341f7ec\" data-element_type=\"widget\" data-widget_type=\"image.default\">\n\t\t\t\t<div class=\"elementor-widget-container\">\n\t\t\t<style>\/*! elementor - v3.13.3 - 22-05-2023 *\/\n.elementor-widget-image{text-align:center}.elementor-widget-image a{display:inline-block}.elementor-widget-image a img[src$=\".svg\"]{width:48px}.elementor-widget-image img{vertical-align:middle;display:inline-block}<\/style>\t\t\t\t\t\t\t\t\t\t\t\t<img decoding=\"async\" width=\"546\" height=\"718\" src=\"https:\/\/neu012024.mom.swiss\/wp-content\/uploads\/2024\/01\/MOM-mit-Strahlen-e1704986700563.png\" class=\"attachment-2048x2048 size-2048x2048 wp-image-2753\" alt=\"\" \/>\t\t\t\t\t\t\t\t\t\t\t\t\t\t\t<\/div>\n\t\t\t\t<\/div>\n\t\t\t\t\t<\/div>\n\t\t<\/div>\n\t\t\t\t<div class=\"elementor-column elementor-col-33 elementor-inner-column elementor-element elementor-element-155f5c3\" data-id=\"155f5c3\" data-element_type=\"column\">\n\t\t\t<div class=\"elementor-widget-wrap elementor-element-populated\">\n\t\t\t\t\t\t\t\t<div class=\"elementor-element elementor-element-783cbd2 elementor-view-stacked elementor-shape-circle elementor-widget elementor-widget-icon\" data-id=\"783cbd2\" data-element_type=\"widget\" data-widget_type=\"icon.default\">\n\t\t\t\t<div class=\"elementor-widget-container\">\n\t\t\t\t\t<div class=\"elementor-icon-wrapper\">\n\t\t\t<div class=\"elementor-icon\">\n\t\t\t<i aria-hidden=\"true\" class=\"fas fa-plus\"><\/i>\t\t\t<\/div>\n\t\t<\/div>\n\t\t\t\t<\/div>\n\t\t\t\t<\/div>\n\t\t\t\t\t<\/div>\n\t\t<\/div>\n\t\t\t\t<div class=\"elementor-column elementor-col-33 elementor-inner-column elementor-element elementor-element-45ff482\" data-id=\"45ff482\" data-element_type=\"column\">\n\t\t\t<div class=\"elementor-widget-wrap elementor-element-populated\">\n\t\t\t\t\t\t\t\t<div class=\"elementor-element elementor-element-6b050ef elementor-widget elementor-widget-image\" data-id=\"6b050ef\" data-element_type=\"widget\" data-widget_type=\"image.default\">\n\t\t\t\t<div class=\"elementor-widget-container\">\n\t\t\t\t\t\t\t\t\t\t\t\t\t\t\t<img decoding=\"async\" width=\"333\" height=\"222\" src=\"https:\/\/neu012024.mom.swiss\/wp-content\/uploads\/2024\/01\/Musikinstrument_Rund.png\" class=\"attachment-large size-large wp-image-2853\" alt=\"\" srcset=\"https:\/\/neu012024.mom.swiss\/wp-content\/uploads\/2024\/01\/Musikinstrument_Rund.png 333w, https:\/\/neu012024.mom.swiss\/wp-content\/uploads\/2024\/01\/Musikinstrument_Rund-300x200.png 300w, https:\/\/neu012024.mom.swiss\/wp-content\/uploads\/2024\/01\/Musikinstrument_Rund-18x12.png 18w\" sizes=\"(max-width: 333px) 100vw, 333px\" \/>\t\t\t\t\t\t\t\t\t\t\t\t\t\t\t<\/div>\n\t\t\t\t<\/div>\n\t\t\t\t\t<\/div>\n\t\t<\/div>\n\t\t\t\t\t\t\t<\/div>\n\t\t<\/section>\n\t\t\t\t\t<\/div>\n\t\t<\/div>\n\t\t\t\t\t\t\t<\/div>\n\t\t<\/section>\n\t\t\t\t<section class=\"elementor-section elementor-top-section elementor-element elementor-element-20276ed elementor-section-boxed elementor-section-height-default elementor-section-height-default\" data-id=\"20276ed\" data-element_type=\"section\" data-settings=\"{&quot;background_background&quot;:&quot;classic&quot;}\">\n\t\t\t\t\t\t<div class=\"elementor-container elementor-column-gap-default\">\n\t\t\t\t\t<div class=\"elementor-column elementor-col-100 elementor-top-column elementor-element elementor-element-45248c80\" data-id=\"45248c80\" data-element_type=\"column\">\n\t\t\t<div class=\"elementor-widget-wrap elementor-element-populated\">\n\t\t\t\t\t\t\t\t<div class=\"elementor-element elementor-element-bc2b0f9 new-font elementor-widget elementor-widget-text-editor\" data-id=\"bc2b0f9\" data-element_type=\"widget\" data-widget_type=\"text-editor.default\">\n\t\t\t\t<div class=\"elementor-widget-container\">\n\t\t\t\t\t\t\t<h3>Erlernen bzw. \u00dcben von Musikinstrumenten<\/h3>\t\t\t\t\t\t<\/div>\n\t\t\t\t<\/div>\n\t\t\t\t<div class=\"elementor-element elementor-element-2cd283e7 new-font elementor-widget elementor-widget-text-editor\" data-id=\"2cd283e7\" data-element_type=\"widget\" data-widget_type=\"text-editor.default\">\n\t\t\t\t<div class=\"elementor-widget-container\">\n\t\t\t\t\t\t\t<p>Erlerne Dein e-Instrument, indem Du das \u00dcbungsst\u00fcck gleichzeitig \u00fcber Kopfh\u00f6rer h\u00f6rst!<br \/>1. Soundquelle: Musikinstrument<br \/>2. Soundquelle: TV, PC, Smartphone, MP3-Player, Stereoanlage, u.v.m.<\/p>\n<!-- wp:paragraph --><!-- \/wp:list -->\t\t\t\t\t\t<\/div>\n\t\t\t\t<\/div>\n\t\t\t\t\t<\/div>\n\t\t<\/div>\n\t\t\t\t\t\t\t<\/div>\n\t\t<\/section>\n\t\t\t\t\t\t\t<\/div>\n\t\t","protected":false},"excerpt":{"rendered":"<p>Ein unschlagbares Team! Erlernen bzw. \u00dcben von Musikinstrumenten Erlerne Dein e-Instrument, indem Du das \u00dcbungsst\u00fcck gleichzeitig \u00fcber Kopfh\u00f6rer h\u00f6rst!1. Soundquelle: Musikinstrument2. Soundquelle: TV, PC, Smartphone, MP3-Player, Stereoanlage, u.v.m.<\/p>\n","protected":false},"author":4,"featured_media":0,"parent":0,"menu_order":0,"comment_status":"closed","ping_status":"closed","template":"","meta":{"_glsr_average":0,"_glsr_ranking":0,"_glsr_reviews":0,"footnotes":""},"class_list":["post-2835","page","type-page","status-publish","hentry"],"_links":{"self":[{"href":"https:\/\/neu012024.mom.swiss\/de\/wp-json\/wp\/v2\/pages\/2835","targetHints":{"allow":["GET"]}}],"collection":[{"href":"https:\/\/neu012024.mom.swiss\/de\/wp-json\/wp\/v2\/pages"}],"about":[{"href":"https:\/\/neu012024.mom.swiss\/de\/wp-json\/wp\/v2\/types\/page"}],"author":[{"embeddable":true,"href":"https:\/\/neu012024.mom.swiss\/de\/wp-json\/wp\/v2\/users\/4"}],"replies":[{"embeddable":true,"href":"https:\/\/neu012024.mom.swiss\/de\/wp-json\/wp\/v2\/comments?post=2835"}],"version-history":[{"count":7,"href":"https:\/\/neu012024.mom.swiss\/de\/wp-json\/wp\/v2\/pages\/2835\/revisions"}],"predecessor-version":[{"id":2886,"href":"https:\/\/neu012024.mom.swiss\/de\/wp-json\/wp\/v2\/pages\/2835\/revisions\/2886"}],"wp:attachment":[{"href":"https:\/\/neu012024.mom.swiss\/de\/wp-json\/wp\/v2\/media?parent=2835"}],"curies":[{"name":"wp","href":"https:\/\/api.w.org\/{rel}","templated":true}]}}