{"id":1229,"date":"2023-01-23T22:53:37","date_gmt":"2023-01-23T22:53:37","guid":{"rendered":"https:\/\/mom.swiss\/?page_id=1229"},"modified":"2023-01-27T00:18:30","modified_gmt":"2023-01-27T00:18:30","slug":"agb","status":"publish","type":"page","link":"https:\/\/neu012024.mom.swiss\/de\/agb\/","title":{"rendered":"AGB"},"content":{"rendered":"\t\t<div data-elementor-type=\"wp-page\" data-elementor-id=\"1229\" class=\"elementor elementor-1229\">\n\t\t\t\t\t\t\t\t\t<section class=\"elementor-section elementor-top-section elementor-element elementor-element-561faba4 elementor-section-boxed elementor-section-height-default elementor-section-height-default\" data-id=\"561faba4\" data-element_type=\"section\" data-settings=\"{&quot;background_background&quot;:&quot;classic&quot;}\">\n\t\t\t\t\t\t<div class=\"elementor-container elementor-column-gap-default\">\n\t\t\t\t\t<div class=\"elementor-column elementor-col-100 elementor-top-column elementor-element elementor-element-6c38a2b4\" data-id=\"6c38a2b4\" data-element_type=\"column\">\n\t\t\t<div class=\"elementor-widget-wrap elementor-element-populated\">\n\t\t\t\t\t\t\t\t<div class=\"elementor-element elementor-element-2ef26796 elementor-widget elementor-widget-text-editor\" data-id=\"2ef26796\" data-element_type=\"widget\" data-widget_type=\"text-editor.default\">\n\t\t\t\t<div class=\"elementor-widget-container\">\n\t\t\t<style>\/*! elementor - v3.13.3 - 22-05-2023 *\/\n.elementor-widget-text-editor.elementor-drop-cap-view-stacked .elementor-drop-cap{background-color:#69727d;color:#fff}.elementor-widget-text-editor.elementor-drop-cap-view-framed .elementor-drop-cap{color:#69727d;border:3px solid;background-color:transparent}.elementor-widget-text-editor:not(.elementor-drop-cap-view-default) .elementor-drop-cap{margin-top:8px}.elementor-widget-text-editor:not(.elementor-drop-cap-view-default) .elementor-drop-cap-letter{width:1em;height:1em}.elementor-widget-text-editor .elementor-drop-cap{float:left;text-align:center;line-height:1;font-size:50px}.elementor-widget-text-editor .elementor-drop-cap-letter{display:inline-block}<\/style>\t\t\t\t<h3>Allgemeine Gesch\u00e4ftsbedingungen | MOM Electronics GmbH<\/h3>\t\t\t\t\t\t<\/div>\n\t\t\t\t<\/div>\n\t\t\t\t<section class=\"elementor-section elementor-inner-section elementor-element elementor-element-7c2dbca7 elementor-section-boxed elementor-section-height-default elementor-section-height-default\" data-id=\"7c2dbca7\" data-element_type=\"section\">\n\t\t\t\t\t\t<div class=\"elementor-container elementor-column-gap-default\">\n\t\t\t\t\t<div class=\"elementor-column elementor-col-100 elementor-inner-column elementor-element elementor-element-656dcaa3\" data-id=\"656dcaa3\" data-element_type=\"column\">\n\t\t\t<div class=\"elementor-widget-wrap elementor-element-populated\">\n\t\t\t\t\t\t\t\t<div class=\"elementor-element elementor-element-488a110 elementor-widget elementor-widget-text-editor\" data-id=\"488a110\" data-element_type=\"widget\" data-widget_type=\"text-editor.default\">\n\t\t\t\t<div class=\"elementor-widget-container\">\n\t\t\t\t\t\t\t<p><strong>1. Allgemeines<\/strong><\/p><p>1.1 Die vorliegenden Allgemeinen Gesch\u00e4ftsbedingungen (\u00abAGB\u00bb) gelten f\u00fcr s\u00e4mtliche Rechtsgesch\u00e4fte, die MOM Electronics GmbH (\u00abMOM\u00bb) mit Privatpersonen, Unternehmern und Beh\u00f6rden (\u00abKunden\u00bb) abschliesst.<\/p><p>1.2 Abweichende Vorschriften des Kunden werden nicht anerkannt. MOMs Verkaufsbedingungen gelten auch dann, wenn MOM in Kenntnis entgegenstehender oder von seinen Verkaufsbedingungen abweichende Bedingungen des Kunden die Lieferung an den Kunden vorbehaltlos ausf\u00fchrt.<\/p><p>1.3. F\u00fcr die Verbindlichkeit abweichender Vereinbarungen ist ein schriftlicher Vertrag bzw. deren schriftliche Best\u00e4tigung von MOM massgebend.<\/p><p>1.4 MOM beh\u00e4lt sich das Recht vor, diese AGB jederzeit zu \u00e4ndern. Massgebend ist jeweils die zum Zeitpunkt der Bestellung geltende Version dieser AGB, welche f\u00fcr die jeweilige Bestellung nicht mehr einseitig ge\u00e4ndert werden k\u00f6nnen.<\/p><p><strong>2. Vertragsschluss und Erf\u00fcllungsort<\/strong><\/p><p>2.1 Die Pr\u00e4sentation und Bewerbung von Artikeln im Online-Shop von MOM stellt kein rechtlich bindendes Angebot zum Abschluss eines Vertrages dar.<\/p><p>2.2 Durch Anklicken des Buttons \u201eBestellen\u201c gibt der Kunde ein rechtsverbindliches Angebot zum Kauf der betroffenen Ware ab, an das er f\u00fcr den Zeitraum von zwei Wochen nach Abgabe gebunden ist. Der Eingang des \u00fcber den Online Shop von MOM abgegebenen Angebots wird durch MOM unverz\u00fcglich per E-Mail best\u00e4tigt. In dieser Best\u00e4tigung liegt jedoch noch keine Annahme der Bestellung vor. Erst durch den Versand einer separaten Best\u00e4tigung der Annahme des Angebots (\u00abAuftragsbest\u00e4tigung\u00bb) durch MOM auf die vom Kunden bei MOM hinterlegte E-Mail Adresse oder durch Auslieferung der bestellten Ware kommt der Vertrag zustande.<\/p><p>2.3 Der Kunde hat die Auftragsbest\u00e4tigung unverz\u00fcglich gr\u00fcndlich auf Fehler zu kontrollieren und MOM innert 24 Stunden \u00fcber allf\u00e4llige Unrichtigkeiten zu informieren.<\/p><p>2.4 MOM Electronics GmbH beh\u00e4lt sich vor, ein Angebot nicht anzunehmen, insbesondere wenn ein Artikel nicht verf\u00fcgbar ist, wenn der Kunde mit der Bezahlung von Rechnungen f\u00fcr fr\u00fchere Lieferungen in Verzug ist, oder bei Bestellungen in nicht haushalt\u00fcblichen Mengen.<\/p><p>2.5 Erf\u00fcllungsort f\u00fcr alle Leistungen aus dem Vertrag ist der Ort der Niederlassung der MOM.<\/p><p><strong>3. Lieferbedingungen<\/strong><\/p><p>3.1. Sobald die Ware an den Kunden versandt wird, erh\u00e4lt der Kunde eine Mitteilung per E-Mail.<\/p><p>3.2 MOM ist zu Teillieferungen und Teilleistungen berechtigt, soweit dies f\u00fcr den Kunden nicht unzumutbar ist.<\/p><p>3.3 Die Lieferfrist wird von MOM in der Auftragsbest\u00e4tigung angegeben.<\/p><p>3.4 Sofern MOM Lieferfristen aus Gr\u00fcnden, die MOM nicht zu vertreten hat, nicht einhalten kann, wird MOM den Kunden hier\u00fcber unverz\u00fcglich informieren und gleichzeitig die voraussichtliche, neue Lieferfrist mitteilen. Ist die Leistung auch innerhalb der neuen Lieferfrist nicht verf\u00fcgbar, ist MOM berechtigt, ganz oder teilweise vom Vertrag zur\u00fcckzutreten; eine bereits vom Kunden erbrachte Gegenleistung wird diesfalls unverz\u00fcglich erstattet.<\/p><p>3.5 Ziff. 10 dieser AGB und die gesetzlichen Rechte vom MOM, insbesondere bei einem Ausschluss der Leistungspflicht (z.B. aufgrund Unm\u00f6glichkeit oder Unzumutbarkeit der Leistung und\/oder Nacherf\u00fcllung), bleiben hiervon unber\u00fchrt.<\/p><p>3.6 Der Transport der Ware erfolgt auf Kosten- und Gefahr des Kunden.<\/p><p><strong>4. Warenbeschaffenheit<\/strong><\/p><p>Als vereinbarte Beschaffenheit gelten die Eigenschaften und Merkmale der Ware, wie sie mit dem Kunden in der Bestellung und der Auftragsbest\u00e4tigung vereinbart sind. Geringf\u00fcgige bzw. unerhebliche Abweichungen in Bezug auf Farbe, Materialst\u00e4rke und Ausf\u00fchrung sind vorbehalten. Sie f\u00fchren nicht zu einem Abweichen von der vereinbarten Beschaffenheit.<\/p><p><strong>5. Gefahr\u00fcbergang, Annahmeverzug<\/strong><\/p><p>5.1 Die Lieferung der Ware erfolgt \u201eab Werk\u201c, also auf Kosten und Gefahr des Kunden.<\/p><p>5.2 Wenn der Kunde in Annahmeverzug kommt, eine Mitwirkungshandlung unterl\u00e4sst oder sich die Lieferung aus anderen, vom Kunden zu vertretenden Gr\u00fcnden verz\u00f6gert, so ist MOM berechtigt, Ersatz des hieraus entstehenden Schadens einschliesslich Mehraufwendungen (z.B. Lagerkosten) zu verlangen.<\/p><p><strong>6. Gew\u00e4hrleistung<\/strong><\/p><p>6.1 Die Gew\u00e4hrleistungsfrist betr\u00e4gt 24 Monate und beginnt mit dem Gefahr\u00fcbergang der gelieferten Waren.<\/p><p>6.2 M\u00e4ngelr\u00fcgen sind sp\u00e4testens innerhalb sieben Tagen nach Empfang der Ware abzusenden; Transportsch\u00e4den sind dar\u00fcber hinaus unverz\u00fcglich dem Spediteur bzw. Transporteur anzuzeigen. Versteckte M\u00e4ngel m\u00fcssen Sie unverz\u00fcglich, sp\u00e4testens innerhalb von drei Arbeitstagen nach deren Entdeckung zu beanstanden.<\/p><p>6.3 Bei berechtigten M\u00e4ngelr\u00fcgen erfolgt nach Wahl von MOM Nachbesserung, Ersatzlieferung oder Gutschrift gegen R\u00fccksendung der mangelhaften Ware. Schl\u00e4gt die Nachbesserung oder Ersatzlieferung fehl, so ist der Kunde berechtigt, nach seiner Wahl vom Vertrag zur\u00fcckzutreten oder Herabsetzung des Kaufpreises zu verlangen.<\/p><p>6.4 Die von MOM an den Kunden gelieferte Ware f\u00fcr den Wiederverkauf darf nur in der Originalverpackung verkauft werden. Sie darf weder umetikettiert, umgef\u00fcllt noch umgepackt werden. Sollte der Kunde von MOM gegen diese Auflage verstossen, verliert er damit seine Gew\u00e4hrleistung.<\/p><p>6.5 Die Gew\u00e4hrleistung erlischt auch vorzeitig, wenn der Kunde oder Dritte unsachgem\u00e4ss \u00c4nderungen oder Reparaturen vornehmen.<\/p><p>6.6 Gew\u00e4hrleistungsanspr\u00fcche gegen MOM stehen nur dem unmittelbaren Kunden zu und sind nicht abtretbar.<\/p><p>6.7 Verschleissteile wie insbesondere Batterien, Akkus, Netzkabel, Adapter, Leuchtmittel sowie Softwareprobleme sind von der Garantie ausgenommen.<\/p><p>6.8 Diese Bestimmung enth\u00e4lt abschliessend die Gew\u00e4hrleistung f\u00fcr die von MOM an den Kunden gelieferte Ware. Weitere Gew\u00e4hrleistungsanspr\u00fcche jegwelcher Art sind ausgeschlossen.<\/p><p><strong>7. Preise und Zahlung<\/strong><\/p><p>7.1 Die Preisangaben in unserem Online-Shop sind, soweit nicht anders angegeben, Nettopreise. Diese verstehen sich zzgl. Mehrwertsteuer, Versandkosten sowie sonstiger Kosten.<\/p><p>7.2 Der Preis einschliesslich Mehrwertsteuer, anfallender Versandkosten und sonstiger Kosten wird in der Bestellmaske angezeigt, bevor der Kunde die Bestellung absendet.<\/p><p>7.3 Erf\u00fcllt MOM eine Bestellung durch Teillieferung, entstehen dem Kunden nur f\u00fcr die erste Teillieferung Versandkosten. Erfolgen die Teillieferungen hingegen auf Wunsch des Kunden, berechnet MOM dem Kunden jede dieser Teillieferungen.<\/p><p>7.4 Die Zahlung erfolgt nach Wahl des Kunden \u00fcber im Shop angebotene Zahlungsm\u00f6glichkeiten.<\/p><p><strong>8. Verrechnungsrechte<\/strong><\/p><p>MOM hat jederzeit das Recht allf\u00e4llige Gegenforderungen des Kunden mit jegwelchen Forderungen gegen den Kunden zu verrechnen. Der Kunde kann f\u00fcr Schulden gegen\u00fcber MOM nur dann die Verrechnung geltend machen, wenn seine Forderung gegen\u00fcber MOM unbestritten oder rechtskr\u00e4ftig festgestellt ist.<\/p><p><strong>9. Datenschutz<\/strong><\/p><p>Es gilt die separate Datenschutzerkl\u00e4rung auf der Webseite der <a href=\"https:\/\/neu012024.mom.swiss\/datenschutz\/\">MOM<\/a>.<\/p><p><strong>10. Haftung<\/strong><\/p><p>10.1 MOM haftet dem Kunden auf Schadenersatz nur bei Vorsatz und grober Fahrl\u00e4ssigkeit. Diese Haftungsbeschr\u00e4nkung gilt sowohl f\u00fcr die vertragliche als auch f\u00fcr die ausservertragliche Haftung. In keinem Fall bestehen Anspr\u00fcche des Kunden auf Ersatz von Sch\u00e4den, die nicht am Liefergegenstand selbst entstanden sind, wie namentlich Produktionsausfall, Nutzungsverluste, Verlust von Auftr\u00e4gen, entgangener Gewinn sowie von anderen mittelbaren oder unmittelbaren Sch\u00e4den. Vorbehalten bleiben zwingende gesetzliche Bestimmungen und Anspr\u00fcche aus dem Produktehaftpflichtgesetz. Dasselbe gilt f\u00fcr eine allf\u00e4llige Haftung der MOM f\u00fcr deren Hilfspersonen.<\/p><p>10.2 Bei Versand der Ware durch MOM an den Kunden wird MOM die Sorgfalt eines ordentlichen Kaufmanns anwenden. F\u00fcr Transportsch\u00e4den, vorbeh\u00e4ltlich zwingender gesetzlicher Bestimmungen, \u00fcbernimmt MOM keine Haftung.<\/p><p><strong>11. Urheberrecht<\/strong><\/p><p>Die Webseite ist Eigentum der MOM und wird von dieser betrieben. Der gesamte Inhalt der Webseite ist Eigentum der MOM. Alle Elemente der Webseite, einschliesslich des allgemeinen Designs und des Inhalts, werden durch Urheberrechte und andere Rechte gesch\u00fctzt. Wenn innerhalb der Webseite nichts anderes angegeben ist und nicht unsere ausdr\u00fcckliche Zustimmung besteht, sind Vervielf\u00e4ltigungen, Bearbeitung, \u00dcbersetzung, Einspeicherung, Verarbeitung des Inhalts, insbesondere die Verwendung des Bild- und Textmaterials auf Handelsplattformen wie Ebay oder anderen Online-Shops, nicht gestattet.<\/p><p><strong>12. Vertragssprache<\/strong><\/p><p>Die f\u00fcr den Vertragsschluss zur Verf\u00fcgung stehende Sprache ist Deutsch.<\/p><p><strong>13. Vertragstextspeicherung<\/strong><\/p><p>MOM speichert den Vertragstext und sendet dem Kunden die Bestelldaten und einen Link zu den jeweils g\u00fcltigen AGB per Email zu. Die AGB k\u00f6nnen jederzeit auch auf unserer Seite eingesehen werden. Die vergangenen Bestellungen sind aus Sicherheitsgr\u00fcnden nicht mehr \u00fcber das Internet zug\u00e4nglich.<\/p><p><strong>15. Kundendienst<\/strong><\/p><p>Siehe Impressum von MOM Electronics GmbH<\/p><p><strong>16. Anwendbares Recht und Gerichtsstand<\/strong><\/p><p>16.1 Das Rechts- und Vertragsverh\u00e4ltnis der Parteien untersteht schweizerischem materiellem Recht, mit Ausnahme des UN-Kaufrechts.<\/p><p>16.2 Gerichtsstand f\u00fcr Streitigkeiten aus Rechts- und Vertragsverh\u00e4ltnis zwischen MOM und dem Kunden, einschliesslich dieser Allgemeinen Gesch\u00e4ftsbedingungen ist am Domizil von MOM. MOM steht allerdings das Recht zu, den Kunden an dessen Wohnsitzgerichtsstand zu belangen.<\/p><p><strong>18. Salvatorische Klausel<\/strong><\/p><p>Sollte eine oder mehrere Bestimmungen (a) dieser AGB oder (b) des gest\u00fctzt auf diesen AGB abgeschlossenen Vertrages rechtlich ung\u00fcltig sein, so beschl\u00e4gt diese Ung\u00fcltigkeit nicht das ganze Rechtsverh\u00e4ltnis. Vielmehr ist diese ung\u00fcltige Bestimmung durch diejenige rechtlich g\u00fcltige Bestimmung zu ersetzen, welche der rechtlich ung\u00fcltigen Bestimmung wirtschaftlich betrachtet am n\u00e4chsten kommt.<\/p>\t\t\t\t\t\t<\/div>\n\t\t\t\t<\/div>\n\t\t\t\t\t<\/div>\n\t\t<\/div>\n\t\t\t\t\t\t\t<\/div>\n\t\t<\/section>\n\t\t\t\t\t<\/div>\n\t\t<\/div>\n\t\t\t\t\t\t\t<\/div>\n\t\t<\/section>\n\t\t\t\t<section class=\"elementor-section elementor-top-section elementor-element elementor-element-6599aec0 elementor-section-boxed elementor-section-height-default elementor-section-height-default\" data-id=\"6599aec0\" data-element_type=\"section\" data-settings=\"{&quot;background_background&quot;:&quot;classic&quot;}\">\n\t\t\t\t\t\t\t<div class=\"elementor-background-overlay\"><\/div>\n\t\t\t\t\t\t\t<div class=\"elementor-container elementor-column-gap-default\">\n\t\t\t\t\t<div class=\"elementor-column elementor-col-100 elementor-top-column elementor-element elementor-element-bc0d058\" data-id=\"bc0d058\" data-element_type=\"column\">\n\t\t\t<div class=\"elementor-widget-wrap elementor-element-populated\">\n\t\t\t\t\t\t\t\t<div class=\"elementor-element elementor-element-4e45beb7 elementor-widget elementor-widget-heading\" data-id=\"4e45beb7\" data-element_type=\"widget\" data-widget_type=\"heading.default\">\n\t\t\t\t<div class=\"elementor-widget-container\">\n\t\t\t<style>\/*! elementor - v3.13.3 - 22-05-2023 *\/\n.elementor-heading-title{padding:0;margin:0;line-height:1}.elementor-widget-heading .elementor-heading-title[class*=elementor-size-]>a{color:inherit;font-size:inherit;line-height:inherit}.elementor-widget-heading .elementor-heading-title.elementor-size-small{font-size:15px}.elementor-widget-heading .elementor-heading-title.elementor-size-medium{font-size:19px}.elementor-widget-heading .elementor-heading-title.elementor-size-large{font-size:29px}.elementor-widget-heading .elementor-heading-title.elementor-size-xl{font-size:39px}.elementor-widget-heading .elementor-heading-title.elementor-size-xxl{font-size:59px}<\/style><h2 class=\"elementor-heading-title elementor-size-default\">Need More Help?<\/h2>\t\t<\/div>\n\t\t\t\t<\/div>\n\t\t\t\t<div class=\"elementor-element elementor-element-45e04c9e elementor-mobile-align-center elementor-widget elementor-widget-button\" data-id=\"45e04c9e\" data-element_type=\"widget\" data-widget_type=\"button.default\">\n\t\t\t\t<div class=\"elementor-widget-container\">\n\t\t\t\t\t<div class=\"elementor-button-wrapper\">\n\t\t\t<a href=\"#\" class=\"elementor-button-link elementor-button elementor-size-sm\" role=\"button\">\n\t\t\t\t\t\t<span class=\"elementor-button-content-wrapper\">\n\t\t\t\t\t\t<span class=\"elementor-button-text\">Contact Us<\/span>\n\t\t<\/span>\n\t\t\t\t\t<\/a>\n\t\t<\/div>\n\t\t\t\t<\/div>\n\t\t\t\t<\/div>\n\t\t\t\t\t<\/div>\n\t\t<\/div>\n\t\t\t\t\t\t\t<\/div>\n\t\t<\/section>\n\t\t\t\t\t\t\t<\/div>\n\t\t","protected":false},"excerpt":{"rendered":"<p>Allgemeine Gesch\u00e4ftsbedingungen | MOM Electronics GmbH 1. Allgemeines 1.1 Die vorliegenden Allgemeinen Gesch\u00e4ftsbedingungen (\u00abAGB\u00bb) gelten f\u00fcr s\u00e4mtliche Rechtsgesch\u00e4fte, die MOM Electronics GmbH (\u00abMOM\u00bb) mit Privatpersonen, Unternehmern und Beh\u00f6rden (\u00abKunden\u00bb) abschliesst. 1.2 Abweichende Vorschriften des Kunden werden nicht anerkannt. MOMs Verkaufsbedingungen gelten auch dann, wenn MOM in Kenntnis entgegenstehender oder von seinen Verkaufsbedingungen abweichende Bedingungen des [&hellip;]<\/p>\n","protected":false},"author":1,"featured_media":0,"parent":0,"menu_order":0,"comment_status":"closed","ping_status":"closed","template":"elementor_header_footer","meta":{"_glsr_average":0,"_glsr_ranking":0,"_glsr_reviews":0,"footnotes":""},"class_list":["post-1229","page","type-page","status-publish","hentry"],"_links":{"self":[{"href":"https:\/\/neu012024.mom.swiss\/de\/wp-json\/wp\/v2\/pages\/1229","targetHints":{"allow":["GET"]}}],"collection":[{"href":"https:\/\/neu012024.mom.swiss\/de\/wp-json\/wp\/v2\/pages"}],"about":[{"href":"https:\/\/neu012024.mom.swiss\/de\/wp-json\/wp\/v2\/types\/page"}],"author":[{"embeddable":true,"href":"https:\/\/neu012024.mom.swiss\/de\/wp-json\/wp\/v2\/users\/1"}],"replies":[{"embeddable":true,"href":"https:\/\/neu012024.mom.swiss\/de\/wp-json\/wp\/v2\/comments?post=1229"}],"version-history":[{"count":19,"href":"https:\/\/neu012024.mom.swiss\/de\/wp-json\/wp\/v2\/pages\/1229\/revisions"}],"predecessor-version":[{"id":1608,"href":"https:\/\/neu012024.mom.swiss\/de\/wp-json\/wp\/v2\/pages\/1229\/revisions\/1608"}],"wp:attachment":[{"href":"https:\/\/neu012024.mom.swiss\/de\/wp-json\/wp\/v2\/media?parent=1229"}],"curies":[{"name":"wp","href":"https:\/\/api.w.org\/{rel}","templated":true}]}}