{"id":1102,"date":"2023-01-21T16:54:49","date_gmt":"2023-01-21T16:54:49","guid":{"rendered":"https:\/\/mom.swiss\/data-security\/"},"modified":"2023-01-27T00:16:15","modified_gmt":"2023-01-27T00:16:15","slug":"datenschutz","status":"publish","type":"page","link":"https:\/\/neu012024.mom.swiss\/de\/datenschutz\/","title":{"rendered":"Datenschutz-Bestimmungen"},"content":{"rendered":"\n<p>Die Nutzung unserer Webseite ist in der Regel ohne Angabe personenbezogener Daten m\u00f6glich. Soweit auf unserer Seite personenbezogene Daten (beispielsweise Name, Anschrift oder E-Mail-Adressen) erhoben werden, erfolgt dies, soweit m\u00f6glich, stets auf freiwilliger Basis. Diese Daten werden ohne Ihre ausdr\u00fcckliche Zustimmung nicht an Dritte weitergegeben und dienen alleine dem Zwecke einer m\u00f6glichen Vertragserf\u00fcllung.<\/p>\n\n\n\n<p><\/p>\n","protected":false},"excerpt":{"rendered":"<p>Die Nutzung unserer Webseite ist in der Regel ohne Angabe personenbezogener Daten m\u00f6glich. Soweit auf unserer Seite personenbezogene Daten (beispielsweise Name, Anschrift oder E-Mail-Adressen) erhoben werden, erfolgt dies, soweit m\u00f6glich, stets auf freiwilliger Basis. Diese Daten werden ohne Ihre ausdr\u00fcckliche Zustimmung nicht an Dritte weitergegeben und dienen alleine dem Zwecke einer m\u00f6glichen Vertragserf\u00fcllung.<\/p>\n","protected":false},"author":1,"featured_media":0,"parent":0,"menu_order":0,"comment_status":"closed","ping_status":"closed","template":"","meta":{"_glsr_average":0,"_glsr_ranking":0,"_glsr_reviews":0,"footnotes":""},"class_list":["post-1102","page","type-page","status-publish","hentry"],"_links":{"self":[{"href":"https:\/\/neu012024.mom.swiss\/de\/wp-json\/wp\/v2\/pages\/1102","targetHints":{"allow":["GET"]}}],"collection":[{"href":"https:\/\/neu012024.mom.swiss\/de\/wp-json\/wp\/v2\/pages"}],"about":[{"href":"https:\/\/neu012024.mom.swiss\/de\/wp-json\/wp\/v2\/types\/page"}],"author":[{"embeddable":true,"href":"https:\/\/neu012024.mom.swiss\/de\/wp-json\/wp\/v2\/users\/1"}],"replies":[{"embeddable":true,"href":"https:\/\/neu012024.mom.swiss\/de\/wp-json\/wp\/v2\/comments?post=1102"}],"version-history":[{"count":2,"href":"https:\/\/neu012024.mom.swiss\/de\/wp-json\/wp\/v2\/pages\/1102\/revisions"}],"predecessor-version":[{"id":1596,"href":"https:\/\/neu012024.mom.swiss\/de\/wp-json\/wp\/v2\/pages\/1102\/revisions\/1596"}],"wp:attachment":[{"href":"https:\/\/neu012024.mom.swiss\/de\/wp-json\/wp\/v2\/media?parent=1102"}],"curies":[{"name":"wp","href":"https:\/\/api.w.org\/{rel}","templated":true}]}}